{"id":262,"date":"2023-10-19T15:06:13","date_gmt":"2023-10-19T13:06:13","guid":{"rendered":"https:\/\/www.weisshaus.bio\/home\/"},"modified":"2026-04-04T14:33:50","modified_gmt":"2026-04-04T12:33:50","slug":"home","status":"publish","type":"page","link":"https:\/\/www.weisshaus.bio\/it\/","title":{"rendered":"Home"},"content":{"rendered":"","protected":false},"excerpt":{"rendered":"","protected":false},"author":1,"featured_media":0,"parent":0,"menu_order":0,"comment_status":"closed","ping_status":"closed","template":"template-home.php","meta":{"_acf_changed":false,"inline_featured_image":false,"footnotes":""},"class_list":["post-262","page","type-page","status-publish","hentry"],"acf":[],"yoast_head":"<!-- This site is optimized with the Yoast SEO plugin v22.5 - https:\/\/yoast.com\/wordpress\/plugins\/seo\/ -->\n<title>Appartamento Caldaro - Wei\u00dfhaus<\/title>\n<meta name=\"description\" content=\"La nostra azienda agricola biologica con l&#039;appartamento per le vacanze \u00e8 immersa nel verde e nella tranquillit\u00e0 sopra Caldaro.\" \/>\n<meta name=\"robots\" content=\"index, follow, max-snippet:-1, max-image-preview:large, max-video-preview:-1\" \/>\n<link rel=\"canonical\" href=\"https:\/\/www.weisshaus.bio\/it\/\" \/>\n<meta property=\"og:locale\" content=\"it_IT\" \/>\n<meta property=\"og:type\" content=\"article\" \/>\n<meta property=\"og:title\" content=\"Appartamento Caldaro - Wei\u00dfhaus\" \/>\n<meta property=\"og:description\" content=\"La nostra azienda agricola biologica con l&#039;appartamento per le vacanze \u00e8 immersa nel verde e nella tranquillit\u00e0 sopra Caldaro.\" \/>\n<meta property=\"og:url\" content=\"https:\/\/www.weisshaus.bio\/it\/\" \/>\n<meta property=\"og:site_name\" content=\"www.weisshaus.bio\" \/>\n<meta property=\"article:modified_time\" content=\"2026-04-04T12:33:50+00:00\" \/>\n<script type=\"application\/ld+json\" class=\"yoast-schema-graph\">{\"@context\":\"https:\/\/schema.org\",\"@graph\":[{\"@type\":\"WebPage\",\"@id\":\"https:\/\/www.weisshaus.bio\/it\/\",\"url\":\"https:\/\/www.weisshaus.bio\/it\/\",\"name\":\"Appartamento Caldaro - Wei\u00dfhaus\",\"isPartOf\":{\"@id\":\"https:\/\/www.weisshaus.bio\/it\/#website\"},\"datePublished\":\"2023-10-19T13:06:13+00:00\",\"dateModified\":\"2026-04-04T12:33:50+00:00\",\"description\":\"La nostra azienda agricola biologica con l'appartamento per le vacanze \u00e8 immersa nel verde e nella tranquillit\u00e0 sopra Caldaro.\",\"inLanguage\":\"it-IT\",\"potentialAction\":[{\"@type\":\"ReadAction\",\"target\":[\"https:\/\/www.weisshaus.bio\/it\/\"]}]},{\"@type\":\"WebSite\",\"@id\":\"https:\/\/www.weisshaus.bio\/it\/#website\",\"url\":\"https:\/\/www.weisshaus.bio\/it\/\",\"name\":\"www.weisshaus.bio\",\"description\":\"\",\"publisher\":{\"@id\":\"https:\/\/www.weisshaus.bio\/it\/#organization\"},\"potentialAction\":[{\"@type\":\"SearchAction\",\"target\":{\"@type\":\"EntryPoint\",\"urlTemplate\":\"https:\/\/www.weisshaus.bio\/it\/?s={search_term_string}\"},\"query-input\":\"required name=search_term_string\"}],\"inLanguage\":\"it-IT\"},{\"@type\":\"Organization\",\"@id\":\"https:\/\/www.weisshaus.bio\/it\/#organization\",\"name\":\"www.weisshaus.bio\",\"url\":\"https:\/\/www.weisshaus.bio\/it\/\",\"logo\":{\"@type\":\"ImageObject\",\"inLanguage\":\"it-IT\",\"@id\":\"https:\/\/www.weisshaus.bio\/it\/#\/schema\/logo\/image\/\",\"url\":\"https:\/\/www.weisshaus.bio\/wp-content\/uploads\/logo.svg\",\"contentUrl\":\"https:\/\/www.weisshaus.bio\/wp-content\/uploads\/logo.svg\",\"width\":\"1024\",\"height\":\"1024\",\"caption\":\"www.weisshaus.bio\"},\"image\":{\"@id\":\"https:\/\/www.weisshaus.bio\/it\/#\/schema\/logo\/image\/\"}}]}<\/script>\n<!-- \/ Yoast SEO plugin. -->","yoast_head_json":{"title":"Appartamento Caldaro - Wei\u00dfhaus","description":"La nostra azienda agricola biologica con l'appartamento per le vacanze \u00e8 immersa nel verde e nella tranquillit\u00e0 sopra Caldaro.","robots":{"index":"index","follow":"follow","max-snippet":"max-snippet:-1","max-image-preview":"max-image-preview:large","max-video-preview":"max-video-preview:-1"},"canonical":"https:\/\/www.weisshaus.bio\/it\/","og_locale":"it_IT","og_type":"article","og_title":"Appartamento Caldaro - Wei\u00dfhaus","og_description":"La nostra azienda agricola biologica con l'appartamento per le vacanze \u00e8 immersa nel verde e nella tranquillit\u00e0 sopra Caldaro.","og_url":"https:\/\/www.weisshaus.bio\/it\/","og_site_name":"www.weisshaus.bio","article_modified_time":"2026-04-04T12:33:50+00:00","schema":{"@context":"https:\/\/schema.org","@graph":[{"@type":"WebPage","@id":"https:\/\/www.weisshaus.bio\/it\/","url":"https:\/\/www.weisshaus.bio\/it\/","name":"Appartamento Caldaro - Wei\u00dfhaus","isPartOf":{"@id":"https:\/\/www.weisshaus.bio\/it\/#website"},"datePublished":"2023-10-19T13:06:13+00:00","dateModified":"2026-04-04T12:33:50+00:00","description":"La nostra azienda agricola biologica con l'appartamento per le vacanze \u00e8 immersa nel verde e nella tranquillit\u00e0 sopra Caldaro.","inLanguage":"it-IT","potentialAction":[{"@type":"ReadAction","target":["https:\/\/www.weisshaus.bio\/it\/"]}]},{"@type":"WebSite","@id":"https:\/\/www.weisshaus.bio\/it\/#website","url":"https:\/\/www.weisshaus.bio\/it\/","name":"www.weisshaus.bio","description":"","publisher":{"@id":"https:\/\/www.weisshaus.bio\/it\/#organization"},"potentialAction":[{"@type":"SearchAction","target":{"@type":"EntryPoint","urlTemplate":"https:\/\/www.weisshaus.bio\/it\/?s={search_term_string}"},"query-input":"required name=search_term_string"}],"inLanguage":"it-IT"},{"@type":"Organization","@id":"https:\/\/www.weisshaus.bio\/it\/#organization","name":"www.weisshaus.bio","url":"https:\/\/www.weisshaus.bio\/it\/","logo":{"@type":"ImageObject","inLanguage":"it-IT","@id":"https:\/\/www.weisshaus.bio\/it\/#\/schema\/logo\/image\/","url":"https:\/\/www.weisshaus.bio\/wp-content\/uploads\/logo.svg","contentUrl":"https:\/\/www.weisshaus.bio\/wp-content\/uploads\/logo.svg","width":"1024","height":"1024","caption":"www.weisshaus.bio"},"image":{"@id":"https:\/\/www.weisshaus.bio\/it\/#\/schema\/logo\/image\/"}}]}},"_links":{"self":[{"href":"https:\/\/www.weisshaus.bio\/it\/wp-json\/wp\/v2\/pages\/262","targetHints":{"allow":["GET"]}}],"collection":[{"href":"https:\/\/www.weisshaus.bio\/it\/wp-json\/wp\/v2\/pages"}],"about":[{"href":"https:\/\/www.weisshaus.bio\/it\/wp-json\/wp\/v2\/types\/page"}],"author":[{"embeddable":true,"href":"https:\/\/www.weisshaus.bio\/it\/wp-json\/wp\/v2\/users\/1"}],"replies":[{"embeddable":true,"href":"https:\/\/www.weisshaus.bio\/it\/wp-json\/wp\/v2\/comments?post=262"}],"version-history":[{"count":11,"href":"https:\/\/www.weisshaus.bio\/it\/wp-json\/wp\/v2\/pages\/262\/revisions"}],"predecessor-version":[{"id":369,"href":"https:\/\/www.weisshaus.bio\/it\/wp-json\/wp\/v2\/pages\/262\/revisions\/369"}],"wp:attachment":[{"href":"https:\/\/www.weisshaus.bio\/it\/wp-json\/wp\/v2\/media?parent=262"}],"curies":[{"name":"wp","href":"https:\/\/api.w.org\/{rel}","templated":true}]}}